{"id":376,"date":"2025-04-12T11:25:25","date_gmt":"2025-04-12T09:25:25","guid":{"rendered":"https:\/\/alimenty.net\/news\/?page_id=376"},"modified":"2025-04-13T15:58:09","modified_gmt":"2025-04-13T13:58:09","slug":"kontakt","status":"publish","type":"page","link":"https:\/\/alimenty.net\/news\/kontakt\/","title":{"rendered":"Kontakt"},"content":{"rendered":"\n<h2 class=\"wp-block-heading has-text-align-center\">Pomoc prawna<\/h2>\n\n\n\n<pre id=\"line1\" class=\"wp-block-preformatted has-accent-6-background-color has-background\" style=\"border-width:1px;border-radius:10px\">Je\u015bli potrzebuj\u0105 pa\u0144stwo pomocy prawnej, prosz\u0119 skontaktowa\u0107 si\u0119 z prawnikiem Kancelarii Adwokackiej, specjalizuj\u0105cej si\u0119 w prawie rodzinnym.<br>telefonicznie: <strong>609 409 864<\/strong><br>lub za po\u015brednictwem formularza:<\/pre>\n\n\n<div class=\"wpforms-container wpforms-container-full wpforms-block wpforms-block-5dc2bafe-bae6-40e1-8293-8a0563bc1c7a wpforms-render-modern\" id=\"wpforms-415\"><form id=\"wpforms-form-415\" class=\"wpforms-validate wpforms-form wpforms-ajax-form\" data-formid=\"415\" method=\"post\" enctype=\"multipart\/form-data\" action=\"\/news\/wp-json\/wp\/v2\/pages\/376\" data-token=\"66c0ad0fe274925b91e077fe893f2e82\" data-token-time=\"1776482844\"><noscript class=\"wpforms-error-noscript\">Aby wype\u0142ni\u0107 ten formularz, w\u0142\u0105cz obs\u0142ug\u0119 JavaScript w przegl\u0105darce.<\/noscript><div class=\"wpforms-hidden\" id=\"wpforms-error-noscript\">Aby wype\u0142ni\u0107 ten formularz, w\u0142\u0105cz obs\u0142ug\u0119 JavaScript w przegl\u0105darce.<\/div><div class=\"wpforms-field-container\"><div id=\"wpforms-415-field_1-container\" class=\"wpforms-field wpforms-field-name\" data-field-id=\"1\"><label class=\"wpforms-field-label\" for=\"wpforms-415-field_1\">Imi\u0119 i nazwisko<\/label><input type=\"text\" id=\"wpforms-415-field_1\" class=\"wpforms-field-medium\" name=\"wpforms[fields][1]\" aria-errormessage=\"wpforms-415-field_1-error\" ><\/div>\t\t<div id=\"wpforms-415-field_3-container\"\n\t\t\tclass=\"wpforms-field wpforms-field-text\"\n\t\t\tdata-field-type=\"text\"\n\t\t\tdata-field-id=\"3\"\n\t\t\t>\n\t\t\t<label class=\"wpforms-field-label\" for=\"wpforms-415-field_3\" >Imi\u0119 napisz wiadomo\u015b\u0107<\/label>\n\t\t\t<input type=\"text\" id=\"wpforms-415-field_3\" class=\"wpforms-field-medium\" name=\"wpforms[fields][3]\" >\n\t\t<\/div>\n\t\t<div id=\"wpforms-415-field_2-container\" class=\"wpforms-field wpforms-field-email\" data-field-id=\"2\"><label class=\"wpforms-field-label\" for=\"wpforms-415-field_2\">Adres e-mail <span class=\"wpforms-required-label\" aria-hidden=\"true\">*<\/span><\/label><input type=\"email\" id=\"wpforms-415-field_2\" class=\"wpforms-field-medium wpforms-field-required\" name=\"wpforms[fields][2]\" spellcheck=\"false\" aria-errormessage=\"wpforms-415-field_2-error\" aria-describedby=\"wpforms-415-field_2-description\" required><div id=\"wpforms-415-field_2-description\" class=\"wpforms-field-description\">Na ten adres email udzielimy odpowiedzi<\/div><\/div><div id=\"wpforms-415-field_5-container\" class=\"wpforms-field wpforms-field-text\" data-field-id=\"5\"><label class=\"wpforms-field-label\" for=\"wpforms-415-field_5\">telefon:<\/label><input type=\"text\" id=\"wpforms-415-field_5\" class=\"wpforms-field-small\" name=\"wpforms[fields][5]\" aria-errormessage=\"wpforms-415-field_5-error\" aria-describedby=\"wpforms-415-field_5-description\" ><div id=\"wpforms-415-field_5-description\" class=\"wpforms-field-description\">Prosz\u0119 poda\u0107 telefon do kontaktu.<\/div><\/div><div id=\"wpforms-415-field_7-container\" class=\"wpforms-field wpforms-field-text\" data-field-id=\"7\"><label class=\"wpforms-field-label\" for=\"wpforms-415-field_7\">miasto<\/label><input type=\"text\" id=\"wpforms-415-field_7\" class=\"wpforms-field-small\" name=\"wpforms[fields][7]\" aria-errormessage=\"wpforms-415-field_7-error\" aria-describedby=\"wpforms-415-field_7-description\" ><div id=\"wpforms-415-field_7-description\" class=\"wpforms-field-description\">Sk\u0105d do nas piszesz?<\/div><\/div><div id=\"wpforms-415-field_6-container\" class=\"wpforms-field wpforms-field-textarea\" data-field-id=\"6\"><label class=\"wpforms-field-label\" for=\"wpforms-415-field_6\">napisz wiadomo\u015b\u0107 <span class=\"wpforms-required-label\" aria-hidden=\"true\">*<\/span><\/label><textarea id=\"wpforms-415-field_6\" class=\"wpforms-field-medium wpforms-field-required\" name=\"wpforms[fields][6]\" aria-errormessage=\"wpforms-415-field_6-error\" required><\/textarea><\/div><script>\n\t\t\t\t( function() {\n\t\t\t\t\tconst style = document.createElement( 'style' );\n\t\t\t\t\tstyle.appendChild( document.createTextNode( '#wpforms-415-field_3-container { position: absolute !important; overflow: hidden !important; display: inline !important; height: 1px !important; width: 1px !important; z-index: -1000 !important; padding: 0 !important; } #wpforms-415-field_3-container input { visibility: hidden; } #wpforms-conversational-form-page #wpforms-415-field_3-container label { counter-increment: none; }' ) );\n\t\t\t\t\tdocument.head.appendChild( style );\n\t\t\t\t\tdocument.currentScript?.remove();\n\t\t\t\t} )();\n\t\t\t<\/script><\/div><!-- .wpforms-field-container --><div class=\"wpforms-recaptcha-container wpforms-is-hcaptcha\" ><div class=\"g-recaptcha\" data-sitekey=\"80146f42-2dbe-49a0-a0d8-2474188658f8\"><\/div><input type=\"text\" name=\"g-recaptcha-hidden\" class=\"wpforms-recaptcha-hidden\" style=\"position:absolute!important;clip:rect(0,0,0,0)!important;height:1px!important;width:1px!important;border:0!important;overflow:hidden!important;padding:0!important;margin:0!important;\" data-rule-hcaptcha=\"1\"><\/div><div class=\"wpforms-submit-container\" ><input type=\"hidden\" name=\"wpforms[id]\" value=\"415\"><input type=\"hidden\" name=\"page_title\" value=\"\"><input type=\"hidden\" name=\"page_url\" value=\"https:\/\/alimenty.net\/news\/wp-json\/wp\/v2\/pages\/376\"><input type=\"hidden\" name=\"url_referer\" value=\"\"><button type=\"submit\" name=\"wpforms[submit]\" id=\"wpforms-submit-415\" class=\"wpforms-submit\" data-alt-text=\"Wysy\u0142anie...\" data-submit-text=\"Prze\u015blij\" aria-live=\"assertive\" value=\"wpforms-submit\">Prze\u015blij<\/button><img loading=\"lazy\" decoding=\"async\" src=\"https:\/\/alimenty.net\/news\/wp-content\/plugins\/wpforms-lite\/assets\/images\/submit-spin.svg\" class=\"wpforms-submit-spinner\" style=\"display: none;\" width=\"26\" height=\"26\" alt=\"Wczytywanie\"><\/div><\/form><\/div>  <!-- .wpforms-container -->\n\n\n<p><\/p>\n","protected":false},"excerpt":{"rendered":"<p>Pomoc prawna Je\u015bli potrzebuj\u0105 pa\u0144stwo pomocy prawnej, prosz\u0119 skontaktowa\u0107 si\u0119 z prawnikiem Kancelarii Adwokackiej, specjalizuj\u0105cej si\u0119 w prawie rodzinnym.telefonicznie: 609 409 864lub za po\u015brednictwem formularza:<\/p>\n","protected":false},"author":1,"featured_media":0,"parent":0,"menu_order":0,"comment_status":"closed","ping_status":"closed","template":"","meta":{"footnotes":""},"class_list":["post-376","page","type-page","status-publish","hentry"],"_links":{"self":[{"href":"https:\/\/alimenty.net\/news\/wp-json\/wp\/v2\/pages\/376","targetHints":{"allow":["GET"]}}],"collection":[{"href":"https:\/\/alimenty.net\/news\/wp-json\/wp\/v2\/pages"}],"about":[{"href":"https:\/\/alimenty.net\/news\/wp-json\/wp\/v2\/types\/page"}],"author":[{"embeddable":true,"href":"https:\/\/alimenty.net\/news\/wp-json\/wp\/v2\/users\/1"}],"replies":[{"embeddable":true,"href":"https:\/\/alimenty.net\/news\/wp-json\/wp\/v2\/comments?post=376"}],"version-history":[{"count":10,"href":"https:\/\/alimenty.net\/news\/wp-json\/wp\/v2\/pages\/376\/revisions"}],"predecessor-version":[{"id":430,"href":"https:\/\/alimenty.net\/news\/wp-json\/wp\/v2\/pages\/376\/revisions\/430"}],"wp:attachment":[{"href":"https:\/\/alimenty.net\/news\/wp-json\/wp\/v2\/media?parent=376"}],"curies":[{"name":"wp","href":"https:\/\/api.w.org\/{rel}","templated":true}]}}